{"id":705,"date":"2025-11-11T00:22:09","date_gmt":"2025-11-11T00:22:09","guid":{"rendered":"https:\/\/kurs2.erdbeerblau.ch\/?page_id=705"},"modified":"2026-02-19T16:09:28","modified_gmt":"2026-02-19T16:09:28","slug":"3er-cup","status":"publish","type":"page","link":"https:\/\/kurs2.erdbeerblau.ch\/?page_id=705","title":{"rendered":"3er Cup"},"content":{"rendered":"\n\n\n<p class=\"has-text-align-center\">Der <strong>3er GP<\/strong> wurde aus Spass ins Leben gerufen als Abwechslung f\u00fcr zwischen durch und steckt noch in der anfangs Phase. Das sind 3 Rad Modelle im Massstab 1:16<\/p>\n\n\n\n<p class=\"has-text-align-center\">Wir haben ein <strong>Zeitmesssystem<\/strong> installiert und k\u00f6nnen so kleine Rennen fahren, die Rundenzeiten werden \u00fcber ein Monitor \u00fcbertragen.<\/p>\n\n\n\n<p class=\"has-text-align-center\"><strong>Wir suchen noch Fahrer f\u00fcr diese Kategorie, m\u00f6chten eine Plausch Meisterschaft aufbauen<\/strong><\/p>\n\n\n\n<p class=\"has-text-align-center\">Wer Interesse hat hier dabei Zusein einfach bei uns melden und d\u00fcrft auch gerne f\u00fcr eine Probefahrt vorbei kommen<\/p>\n\n\n\n<p>Die Modelle haben wir von hier<\/p>\n\n\n\n\n\n\n\n<p><\/p>\n\n\n\n<figure class=\"wp-block-video aligncenter\"><video height=\"1920\" style=\"aspect-ratio: 1080 \/ 1920;\" width=\"1080\" controls poster=\"https:\/\/kurs2.erdbeerblau.ch\/wp-content\/uploads\/2025\/11\/ChatGPT-Image-24.-Okt.-2025-11_34_31.png\" src=\"https:\/\/kurs2.erdbeerblau.ch\/wp-content\/uploads\/2025\/11\/3er-gp.mp4\"><\/video><\/figure>\n","protected":false},"excerpt":{"rendered":"<p>Der 3er GP wurde aus Spass ins Leben gerufen als Abwechslung f\u00fcr zwischen durch und steckt noch in der anfangs Phase. Das sind 3 Rad Modelle im Massstab 1:16 Wir haben ein Zeitmesssystem installiert und k\u00f6nnen so kleine Rennen fahren, die Rundenzeiten werden \u00fcber ein Monitor \u00fcbertragen. Wir suchen noch Fahrer f\u00fcr diese Kategorie, m\u00f6chten &hellip; <\/p>\n<p class=\"link-more\"><a href=\"https:\/\/kurs2.erdbeerblau.ch\/?page_id=705\" class=\"more-link\"><span class=\"screen-reader-text\">\u201e3er Cup\u201c <\/span>weiterlesen<\/a><\/p>\n","protected":false},"author":1,"featured_media":0,"parent":0,"menu_order":0,"comment_status":"closed","ping_status":"closed","template":"","meta":{"saved_in_kubio":true,"footnotes":""},"class_list":["post-705","page","type-page","status-publish","hentry"],"kubio_ai_page_context":{"short_desc":"","purpose":"general"},"_links":{"self":[{"href":"https:\/\/kurs2.erdbeerblau.ch\/index.php?rest_route=\/wp\/v2\/pages\/705","targetHints":{"allow":["GET"]}}],"collection":[{"href":"https:\/\/kurs2.erdbeerblau.ch\/index.php?rest_route=\/wp\/v2\/pages"}],"about":[{"href":"https:\/\/kurs2.erdbeerblau.ch\/index.php?rest_route=\/wp\/v2\/types\/page"}],"author":[{"embeddable":true,"href":"https:\/\/kurs2.erdbeerblau.ch\/index.php?rest_route=\/wp\/v2\/users\/1"}],"replies":[{"embeddable":true,"href":"https:\/\/kurs2.erdbeerblau.ch\/index.php?rest_route=%2Fwp%2Fv2%2Fcomments&post=705"}],"version-history":[{"count":9,"href":"https:\/\/kurs2.erdbeerblau.ch\/index.php?rest_route=\/wp\/v2\/pages\/705\/revisions"}],"predecessor-version":[{"id":1035,"href":"https:\/\/kurs2.erdbeerblau.ch\/index.php?rest_route=\/wp\/v2\/pages\/705\/revisions\/1035"}],"wp:attachment":[{"href":"https:\/\/kurs2.erdbeerblau.ch\/index.php?rest_route=%2Fwp%2Fv2%2Fmedia&parent=705"}],"curies":[{"name":"wp","href":"https:\/\/api.w.org\/{rel}","templated":true}]}}