{"id":431,"date":"2025-11-09T01:17:38","date_gmt":"2025-11-09T01:17:38","guid":{"rendered":"https:\/\/kurs2.erdbeerblau.ch\/?page_id=431"},"modified":"2026-02-19T16:06:45","modified_gmt":"2026-02-19T16:06:45","slug":"mietfahrzeuge","status":"publish","type":"page","link":"https:\/\/kurs2.erdbeerblau.ch\/?page_id=431","title":{"rendered":"Mietfahrzeuge"},"content":{"rendered":"\n<p>Gerne Stellen wir euch auch ein Fahrzeug zu Verf\u00fcgung wenn ihr noch keins besitz und das Driften ausprobieren m\u00f6chtet.<\/p>\n\n\n\n<p>Die Fahrzeugmodelle sind von der Marke MST und sind ideal f\u00fcr Neulinge.<\/p>\n\n\n\n<p>Der <strong>MST RTR (Ready to Run)<\/strong> ist ein <strong>komplett fahrfertiges RC-Drifter<\/strong> von <strong>Max Speed Technology<\/strong>, das direkt aus der Verpackung einsatzbereit ist. Es richtet sich an <strong>Einsteiger und Fortgeschrittene<\/strong>, die ohne aufwendigen Aufbau sofort ins Driften einsteigen wollen. zb. erh\u00e4ltlich bei <strong>Hobby Shop H\u00e4ssig in Wohlen<\/strong><\/p>\n\n\n\n<h4 class=\"wp-block-heading\"><img decoding=\"async\" draggable=\"false\" role=\"img\" class=\"emoji\" src=\"https:\/\/s.w.org\/images\/core\/emoji\/17.0.2\/svg\/1f527.svg\" alt=\"\ud83d\udd27\"> <strong>Wichtige Merkmale:<\/strong><\/h4>\n\n\n\n<ul class=\"wp-block-list\">\n<li><strong>Antrieb:<\/strong> Heckantrieb (RWD) \u2013 perfekt f\u00fcr realistisches Driftverhalten.<\/li>\n\n\n\n<li><strong>Chassis:<\/strong> Pr\u00e4zise konstruiertes RDR-Chassis mit niedrigem Schwerpunkt und verstellbarer Geometrie.<\/li>\n\n\n\n<li><strong>Elektronik:<\/strong> Bereits eingebauter Motor, Regler, Servo und 2,4GHz-Fernsteuerung.<\/li>\n\n\n\n<li><strong>Karosserie:<\/strong> Hochdetaillierte, lackierte Karosserie (z. B. Nissan, Toyota, BMW je nach Edition).<\/li>\n\n\n\n<li><strong>Fahrverhalten:<\/strong> Sehr kontrollierbares Driftverhalten mit feinf\u00fchligem Gas und Lenkverhalten \u2013 ideal f\u00fcr glatte Oberfl\u00e4chen oder Driftstrecken.<\/li>\n<\/ul>\n\n\n\n<p><strong><a href=\"https:\/\/kurs2.erdbeerblau.ch\/?page_id=439\" data-type=\"page\" data-id=\"439\">Preis<\/a><\/strong> pro Fahrzeug miete betr\u00e4gt 20CHF.- am Tag \/ nicht im Preis inbegriffen ist die Pistenmiete da kommen zus\u00e4tzlich noch 10 CHF.- dazu.<\/p>\n\n\n\n<p>Bitte meldet euch bei uns f\u00fcr eine Fahrzeug miete damit wir die Fahrzeuge  f\u00fcr euch vorbereiten k\u00f6nnen.<\/p>\n\n\n\n<p><\/p>\n\n\n","protected":false},"excerpt":{"rendered":"<p>Gerne Stellen wir euch auch ein Fahrzeug zu Verf\u00fcgung wenn ihr noch keins besitz und das Driften ausprobieren m\u00f6chtet. Die Fahrzeugmodelle sind von der Marke MST und sind ideal f\u00fcr Neulinge. Der MST RTR (Ready to Run) ist ein komplett fahrfertiges RC-Drifter von Max Speed Technology, das direkt aus der Verpackung einsatzbereit ist. Es richtet &hellip; <\/p>\n<p class=\"link-more\"><a href=\"https:\/\/kurs2.erdbeerblau.ch\/?page_id=431\" class=\"more-link\"><span class=\"screen-reader-text\">\u201eMietfahrzeuge\u201c <\/span>weiterlesen<\/a><\/p>\n","protected":false},"author":1,"featured_media":0,"parent":0,"menu_order":0,"comment_status":"closed","ping_status":"closed","template":"","meta":{"saved_in_kubio":true,"footnotes":""},"class_list":["post-431","page","type-page","status-publish","hentry"],"kubio_ai_page_context":{"short_desc":"","purpose":"general"},"_links":{"self":[{"href":"https:\/\/kurs2.erdbeerblau.ch\/index.php?rest_route=\/wp\/v2\/pages\/431","targetHints":{"allow":["GET"]}}],"collection":[{"href":"https:\/\/kurs2.erdbeerblau.ch\/index.php?rest_route=\/wp\/v2\/pages"}],"about":[{"href":"https:\/\/kurs2.erdbeerblau.ch\/index.php?rest_route=\/wp\/v2\/types\/page"}],"author":[{"embeddable":true,"href":"https:\/\/kurs2.erdbeerblau.ch\/index.php?rest_route=\/wp\/v2\/users\/1"}],"replies":[{"embeddable":true,"href":"https:\/\/kurs2.erdbeerblau.ch\/index.php?rest_route=%2Fwp%2Fv2%2Fcomments&post=431"}],"version-history":[{"count":20,"href":"https:\/\/kurs2.erdbeerblau.ch\/index.php?rest_route=\/wp\/v2\/pages\/431\/revisions"}],"predecessor-version":[{"id":1032,"href":"https:\/\/kurs2.erdbeerblau.ch\/index.php?rest_route=\/wp\/v2\/pages\/431\/revisions\/1032"}],"wp:attachment":[{"href":"https:\/\/kurs2.erdbeerblau.ch\/index.php?rest_route=%2Fwp%2Fv2%2Fmedia&parent=431"}],"curies":[{"name":"wp","href":"https:\/\/api.w.org\/{rel}","templated":true}]}}