{"id":424,"date":"2025-11-09T00:11:24","date_gmt":"2025-11-09T00:11:24","guid":{"rendered":"https:\/\/kurs2.erdbeerblau.ch\/?page_id=424"},"modified":"2025-11-21T14:07:16","modified_gmt":"2025-11-21T14:07:16","slug":"strecke","status":"publish","type":"page","link":"https:\/\/kurs2.erdbeerblau.ch\/?page_id=424","title":{"rendered":"Strecke"},"content":{"rendered":"\n<div class=\"wp-block-group has-small-font-size is-nowrap is-layout-flex wp-container-core-group-is-layout-ad2f72ca wp-block-group-is-layout-flex\">\n<p class=\"has-text-align-center has-medium-font-size\">Die Strecke wurde im Oktober 2025 komplett neugestaltet. Der Boden ist frisch gestrichen und bietet nun eine glatte, griffige Oberfl\u00e4che. Die Streckenbegrenzungen bestehen aus selbst gedruckten PTG-Elementen, die fest im Boden verschraubt wurden.<\/p>\n<\/div>\n\n\n\n<div class=\"wp-block-group has-small-font-size is-nowrap is-layout-flex wp-container-core-group-is-layout-ad2f72ca wp-block-group-is-layout-flex\">\n<p class=\"has-text-align-center has-medium-font-size\">Um empfindliche Bereiche zu sch\u00fctzen, wurden um die Holzpfeiler Gummileitplanken angebracht. Neben der Strecke befinden sich au\u00dferdem dekorative Elemente sowie verschiedene Herausforderungen f\u00fcr ge\u00fcbte Fahrer. Etwa Objekte, die gezielt mit dem Heck getroffen werden sollen, oder markierte Clipping-Zonen.<\/p>\n<\/div>\n\n\n\n<p class=\"has-text-align-center has-medium-font-size\">Die durchschnittliche Streckenbreite betr\u00e4gt 80cm, was den Kurs etwas anspruchsvoller und interessanter macht.<\/p>\n\n\n\n<div class=\"wp-block-group is-nowrap is-layout-flex wp-container-core-group-is-layout-ad2f72ca wp-block-group-is-layout-flex\">\n<p class=\"has-text-align-center has-medium-font-size\">Der gesamte Raum umfasst 80m\u00b2 davon entfallen rund 70m\u00b2 auf die reine Fahrfl\u00e4che. Damit ist die Strecke ideal f\u00fcr bis zu etwa zehn Personen geeignet.<\/p>\n<\/div>\n\n\n\n<p class=\"has-text-align-center has-medium-font-size\">F\u00fcr Unterhaltung in den Pausen ist ebenfalls gesorgt: Ein Fernseher steht bereit, auf dem beispielsweise Drift-Events oder Formel-1-Rennen \u00fcbertragen werden k\u00f6nnen.<\/p>\n\n\n\n\n\n<p><\/p>\n","protected":false},"excerpt":{"rendered":"<p>Die Strecke wurde im Oktober 2025 komplett neugestaltet. Der Boden ist frisch gestrichen und bietet nun eine glatte, griffige Oberfl\u00e4che. Die Streckenbegrenzungen bestehen aus selbst gedruckten PTG-Elementen, die fest im Boden verschraubt wurden. Um empfindliche Bereiche zu sch\u00fctzen, wurden um die Holzpfeiler Gummileitplanken angebracht. Neben der Strecke befinden sich au\u00dferdem dekorative Elemente sowie verschiedene Herausforderungen &hellip; <\/p>\n<p class=\"link-more\"><a href=\"https:\/\/kurs2.erdbeerblau.ch\/?page_id=424\" class=\"more-link\"><span class=\"screen-reader-text\">\u201eStrecke\u201c <\/span>weiterlesen<\/a><\/p>\n","protected":false},"author":1,"featured_media":0,"parent":0,"menu_order":0,"comment_status":"closed","ping_status":"closed","template":"","meta":{"saved_in_kubio":true,"footnotes":""},"class_list":["post-424","page","type-page","status-publish","hentry"],"kubio_ai_page_context":{"short_desc":"","purpose":"general"},"_links":{"self":[{"href":"https:\/\/kurs2.erdbeerblau.ch\/index.php?rest_route=\/wp\/v2\/pages\/424","targetHints":{"allow":["GET"]}}],"collection":[{"href":"https:\/\/kurs2.erdbeerblau.ch\/index.php?rest_route=\/wp\/v2\/pages"}],"about":[{"href":"https:\/\/kurs2.erdbeerblau.ch\/index.php?rest_route=\/wp\/v2\/types\/page"}],"author":[{"embeddable":true,"href":"https:\/\/kurs2.erdbeerblau.ch\/index.php?rest_route=\/wp\/v2\/users\/1"}],"replies":[{"embeddable":true,"href":"https:\/\/kurs2.erdbeerblau.ch\/index.php?rest_route=%2Fwp%2Fv2%2Fcomments&post=424"}],"version-history":[{"count":16,"href":"https:\/\/kurs2.erdbeerblau.ch\/index.php?rest_route=\/wp\/v2\/pages\/424\/revisions"}],"predecessor-version":[{"id":1003,"href":"https:\/\/kurs2.erdbeerblau.ch\/index.php?rest_route=\/wp\/v2\/pages\/424\/revisions\/1003"}],"wp:attachment":[{"href":"https:\/\/kurs2.erdbeerblau.ch\/index.php?rest_route=%2Fwp%2Fv2%2Fmedia&parent=424"}],"curies":[{"name":"wp","href":"https:\/\/api.w.org\/{rel}","templated":true}]}}