{"id":410,"date":"2025-11-08T22:53:35","date_gmt":"2025-11-08T22:53:35","guid":{"rendered":"https:\/\/kurs2.erdbeerblau.ch\/?page_id=410"},"modified":"2025-12-05T10:09:50","modified_gmt":"2025-12-05T10:09:50","slug":"startseite","status":"publish","type":"page","link":"https:\/\/kurs2.erdbeerblau.ch\/","title":{"rendered":"Startseite"},"content":{"rendered":"\n<div class=\"wp-block-group\" style=\"border-radius:0px;padding-right:0;padding-left:0\"><div class=\"wp-block-group__inner-container is-layout-constrained wp-container-core-group-is-layout-a7c31ef8 wp-block-group-is-layout-constrained\"><\/div><\/div>\n\n\n\n\n\n\n\n<h2 class=\"wp-block-heading alignwide has-text-align-center has-text-color has-link-color has-medium-font-size wp-elements-4033375c8e6973454d6440b6a026b7e5\" style=\"border-style:none;border-width:0px;color:#0aee2c;padding-top:var(--wp--preset--spacing--40);padding-right:var(--wp--preset--spacing--40);padding-bottom:var(--wp--preset--spacing--40);padding-left:var(--wp--preset--spacing--40)\"><strong>Willkommen bei Sideways <\/strong><\/h2>\n\n\n\n<p class=\"has-text-align-center has-kubio-color-6-color has-text-color has-link-color has-medium-font-size wp-elements-255daa93543ed847671877a558f571a1\" style=\"padding-top:0;padding-bottom:0\"><strong>Erlebe  die Driftkunst im Massstab 1:10<\/strong><\/p>\n\n\n\n<div class=\"wp-block-columns is-layout-flex wp-container-core-columns-is-layout-9d6595d7 wp-block-columns-is-layout-flex\">\n<div class=\"wp-block-column is-layout-flow wp-block-column-is-layout-flow\" style=\"flex-basis:100%\"><\/div>\n<\/div>\n\n\n\n<figure class=\"wp-block-audio aligncenter\" style=\"padding-top:0;padding-right:0;padding-bottom:0;padding-left:0\"><audio controls src=\"https:\/\/kurs2.erdbeerblau.ch\/wp-content\/uploads\/2025\/11\/Welcome-to-Sideways.mp3\"><\/audio><figcaption class=\"wp-element-caption\">( Welcome to Sideways Song )<\/figcaption><\/figure>\n\n\n\n<p class=\"has-medium-font-size\"><strong>Sideways <\/strong>ist eine kleine Driftstrecke f\u00fcr Heckangetriebene RC Autos.<\/p>\n\n\n\n<p class=\"has-small-font-size\">Im Video unten zusehen ist die alte Strecke von 2022 und wurde im Oktober 2025 neu gestaltet<\/p>\n\n\n\n\n\n<p class=\"has-text-align-center has-medium-font-size\"><strong>Was ist Driften?<\/strong><\/p>\n\n\n\n<p class=\"has-medium-font-size\">Driften ist die Kunst, ein Fahrzeug kontrolliert quer durch die Kurve zu bewegen. Statt maximalem Grip geht es darum, das Heck gezielt auszubrechen. Mit Pr\u00e4zision, Technik und Gef\u00fchl.<br>Beim RC-Driftsport wird dieses Fahrverhalten im <strong>Ma\u00dfstab 1:10<\/strong> perfekt nachgebildet: feine Lenkbewegungen, exakte Gassteuerung und millimetergenaue Fahrzeugabstimmung entscheiden \u00fcber Stil, Geschwindigkeit und Kontrolle.<\/p>\n\n\n\n<p class=\"has-medium-font-size\"><strong>Driften ist mehr als nur Fahren<\/strong>  <\/p>\n\n\n\n<p class=\"has-medium-font-size\">es ist Balance zwischen Kontrolle und Chaos, Technik und Leidenschaft.<\/p>\n\n\n\n<p class=\"has-medium-font-size\"><\/p>\n\n\n\n<p class=\"has-medium-font-size\"><strong>Bei uns sind alle Herzlich Willkommen, vom Anf\u00e4nger bis zum Pro<\/strong>.<\/p>\n\n\n\n<p class=\"has-medium-font-size\">Wir sind selber noch lange keine Profis und k\u00f6nnen noch einiges dazu lernen, umso mehr freuen wir uns auf euren Besuch um mit euch oder von euch zu lernen.<\/p>\n\n\n\n<p class=\"has-medium-font-size\">Wir betreiben die RC Strecke nur als Hobby und weil der Platz auf 80m\u00b2begrenz ist haben wir keine Offizielen \u00d6ffnungszeiten.<\/p>\n\n\n\n<p class=\"has-medium-font-size\">M\u00f6chtet ihr vorbei kommen? dann nehmt bitte<strong><a href=\"https:\/\/kurs2.erdbeerblau.ch\/?page_id=69\" data-type=\"page\" data-id=\"69\"> Kontakt<\/a><\/strong> mit uns auf.<\/p>\n\n\n\n<p class=\"has-medium-font-size\"><strong><a href=\"https:\/\/kurs2.erdbeerblau.ch\/?page_id=431\" data-type=\"page\" data-id=\"431\">Ihr habt kein eigenen RC Drifter<\/a><\/strong>, w\u00fcrdet es gerne mal ausprobieren? kein Problem, wir stellen gerne einen zur Verf\u00fcgung.<\/p>\n\n\n\n<p class=\"has-text-align-center has-medium-font-size\"><strong>Wir freuen uns auf euren Besuch<\/strong><\/p>\n\n\n\n<p class=\"has-text-align-center has-medium-font-size\"><strong> Bis Bald und bis dahin w\u00fcnschen wir euch eine gute Fahrt<\/strong><\/p>\n\n\n","protected":false},"excerpt":{"rendered":"<p>Willkommen bei Sideways Erlebe die Driftkunst im Massstab 1:10 Sideways ist eine kleine Driftstrecke f\u00fcr Heckangetriebene RC Autos. Im Video unten zusehen ist die alte Strecke von 2022 und wurde im Oktober 2025 neu gestaltet Was ist Driften? Driften ist die Kunst, ein Fahrzeug kontrolliert quer durch die Kurve zu bewegen. Statt maximalem Grip geht &hellip; <\/p>\n<p class=\"link-more\"><a href=\"https:\/\/kurs2.erdbeerblau.ch\/\" class=\"more-link\"><span class=\"screen-reader-text\">\u201eStartseite\u201c <\/span>weiterlesen<\/a><\/p>\n","protected":false},"author":1,"featured_media":0,"parent":0,"menu_order":0,"comment_status":"closed","ping_status":"closed","template":"","meta":{"saved_in_kubio":true,"footnotes":""},"class_list":["post-410","page","type-page","status-publish","hentry"],"kubio_ai_page_context":{"short_desc":"","purpose":"general"},"_links":{"self":[{"href":"https:\/\/kurs2.erdbeerblau.ch\/index.php?rest_route=\/wp\/v2\/pages\/410","targetHints":{"allow":["GET"]}}],"collection":[{"href":"https:\/\/kurs2.erdbeerblau.ch\/index.php?rest_route=\/wp\/v2\/pages"}],"about":[{"href":"https:\/\/kurs2.erdbeerblau.ch\/index.php?rest_route=\/wp\/v2\/types\/page"}],"author":[{"embeddable":true,"href":"https:\/\/kurs2.erdbeerblau.ch\/index.php?rest_route=\/wp\/v2\/users\/1"}],"replies":[{"embeddable":true,"href":"https:\/\/kurs2.erdbeerblau.ch\/index.php?rest_route=%2Fwp%2Fv2%2Fcomments&post=410"}],"version-history":[{"count":60,"href":"https:\/\/kurs2.erdbeerblau.ch\/index.php?rest_route=\/wp\/v2\/pages\/410\/revisions"}],"predecessor-version":[{"id":1016,"href":"https:\/\/kurs2.erdbeerblau.ch\/index.php?rest_route=\/wp\/v2\/pages\/410\/revisions\/1016"}],"wp:attachment":[{"href":"https:\/\/kurs2.erdbeerblau.ch\/index.php?rest_route=%2Fwp%2Fv2%2Fmedia&parent=410"}],"curies":[{"name":"wp","href":"https:\/\/api.w.org\/{rel}","templated":true}]}}